{"id":29,"date":"2013-04-24T08:30:50","date_gmt":"2013-04-24T08:30:50","guid":{"rendered":"http:\/\/blog.ti-beltcleaner.de\/?page_id=29"},"modified":"2014-04-30T06:38:43","modified_gmt":"2014-04-30T06:38:43","slug":"impressum","status":"publish","type":"page","link":"http:\/\/blog.ti-beltcleaner.de\/?page_id=29","title":{"rendered":"Impressum"},"content":{"rendered":"<p><strong>Angaben gem\u00e4\u00df \u00a7 5 TMG<\/strong><\/p>\n<p>T&amp;I Technologie und Industriekomponenten GmbH<br \/>\nAm Hohen Weg 19<br \/>\n53572 Unkel<\/p>\n<p><strong>Vertreten durch:<\/strong><br \/>\nDipl.Ing. Manfred Ludwig<br \/>\nGesch\u00e4ftsf\u00fchrer<\/p>\n<p><strong>Kontakt:<\/strong><br \/>\nTelefon: +49 (0) 2224 &#8211; 9 88 19 88<br \/>\nTelefax: +49 (0) 2224 &#8211; 9 88 19 89<br \/>\neMail: info@ti-beltcleaner.de<\/p>\n<p><strong>Registereintrag:<br \/>\n<\/strong>Amtsgericht Montabaur<br \/>\nRegisternummer: HRB 20697<\/p>\n<p><strong>Umsatzsteuer-ID:<\/strong><br \/>\nUmsatzsteuer-Identifikationsnummer gem\u00e4\u00df \u00a727a Umsatzsteuergesetz:<br \/>\nDE813641279<\/p>\n<p><strong>Verantwortlich f\u00fcr den Inhalt nach \u00a7 55 Abs. 2 RStV:<\/strong><br \/>\nDip.Ing. Manfred Ludwig (Anschrift wie oben)<\/p>\n<p><strong>Haftungsausschluss:<\/strong><\/p>\n<p>Haftung f\u00fcr Inhalte<br \/>\nDie Inhalte unserer Seiten wurden mit gr\u00f6\u00dfter Sorgfalt erstellt. F\u00fcr die Richtigkeit, Vollst\u00e4ndigkeit und Aktualit\u00e4t der Inhalte k\u00f6nnen wir jedoch keine Gew\u00e4hr \u00fcbernehmen.<\/p>\n<p>Haftung f\u00fcr Links<br \/>\nUnser Angebot enth\u00e4lt Links zu externen Webseiten Dritter, auf deren Inhalte wir keinen Einfluss haben. Deshalb k\u00f6nnen wir f\u00fcr diese fremden Inhalte auch keine Gew\u00e4hr \u00fcbernehmen. F\u00fcr die Inhalte der verlinkten Seiten ist stets der jeweilige Anbieter oder Betreiber der Seiten verantwortlich.<\/p>\n<p>Urheberrecht<br \/>\nDie durch die Seitenbetreiber erstellten Inhalte und Werke auf diesen Seiten unterliegen dem deutschen Urheberrecht. Die Vervielf\u00e4ltigung, Bearbeitung, Verbreitung und jede Art der Verwertung au\u00dferhalb der Grenzen des Urheberrechtes bed\u00fcrfen der schriftlichen Zustimmung des jeweiligen Autors bzw. Erstellers.<\/p>\n","protected":false},"excerpt":{"rendered":"<p>Angaben gem\u00e4\u00df \u00a7 5 TMG T&amp;I Technologie und Industriekomponenten GmbH Am Hohen Weg 19 53572 Unkel Vertreten durch: Dipl.Ing. Manfred Ludwig Gesch\u00e4ftsf\u00fchrer Kontakt: Telefon: +49 (0) 2224 &#8211; 9 88 19 88 Telefax: +49 (0) 2224 &#8211; 9 88 19 &hellip; <a href=\"http:\/\/blog.ti-beltcleaner.de\/?page_id=29\">Weiterlesen <span class=\"meta-nav\">&rarr;<\/span><\/a><\/p>\n","protected":false},"author":1,"featured_media":0,"parent":0,"menu_order":0,"comment_status":"closed","ping_status":"open","template":"","meta":{"footnotes":""},"class_list":["post-29","page","type-page","status-publish","hentry"],"_links":{"self":[{"href":"http:\/\/blog.ti-beltcleaner.de\/index.php?rest_route=\/wp\/v2\/pages\/29","targetHints":{"allow":["GET"]}}],"collection":[{"href":"http:\/\/blog.ti-beltcleaner.de\/index.php?rest_route=\/wp\/v2\/pages"}],"about":[{"href":"http:\/\/blog.ti-beltcleaner.de\/index.php?rest_route=\/wp\/v2\/types\/page"}],"author":[{"embeddable":true,"href":"http:\/\/blog.ti-beltcleaner.de\/index.php?rest_route=\/wp\/v2\/users\/1"}],"replies":[{"embeddable":true,"href":"http:\/\/blog.ti-beltcleaner.de\/index.php?rest_route=%2Fwp%2Fv2%2Fcomments&post=29"}],"version-history":[{"count":10,"href":"http:\/\/blog.ti-beltcleaner.de\/index.php?rest_route=\/wp\/v2\/pages\/29\/revisions"}],"predecessor-version":[{"id":100,"href":"http:\/\/blog.ti-beltcleaner.de\/index.php?rest_route=\/wp\/v2\/pages\/29\/revisions\/100"}],"wp:attachment":[{"href":"http:\/\/blog.ti-beltcleaner.de\/index.php?rest_route=%2Fwp%2Fv2%2Fmedia&parent=29"}],"curies":[{"name":"wp","href":"https:\/\/api.w.org\/{rel}","templated":true}]}}